{"id":7,"date":"2021-03-25T12:11:40","date_gmt":"2021-03-25T12:11:40","guid":{"rendered":"https:\/\/www.jaimelesbouchons.com\/lemouvementdecollecte\/?page_id=7"},"modified":"2021-08-01T17:40:52","modified_gmt":"2021-08-01T16:40:52","slug":"contact","status":"publish","type":"page","link":"https:\/\/www.jaimelesbouchons.com\/lemouvementdecollecte\/contact\/","title":{"rendered":"Contact"},"content":{"rendered":"\n<p>Vous souhaitez vous investir dans la collecte des bouchons en plastique ?<\/p>\n\n\n\n<p>Vous \u00eates une entreprise et vous souhaitez faire un don pour soutenir la collecte ?<\/p>\n\n\n\n<p>Vous \u00eates un commerce et vous voulez mettre en place un point de collecte public ?<\/p>\n\n\n\n<p>Vous souhaitez soutenir les b\u00e9n\u00e9voles et vous voulez connaitre les actions \u00e0 r\u00e9aliser ?<\/p>\n\n\n\n<div class=\"wp-block-image\"><figure class=\"aligncenter size-large is-resized\"><img loading=\"lazy\" decoding=\"async\" src=\"https:\/\/www.jaimelesbouchons.com\/lemouvementdecollecte\/wp-content\/uploads\/2021\/03\/pix_aide-1024x1024.jpg\" alt=\"\" class=\"wp-image-43\" width=\"512\" height=\"512\" srcset=\"https:\/\/www.jaimelesbouchons.com\/lemouvementdecollecte\/wp-content\/uploads\/2021\/03\/pix_aide-1024x1024.jpg 1024w, https:\/\/www.jaimelesbouchons.com\/lemouvementdecollecte\/wp-content\/uploads\/2021\/03\/pix_aide-300x300.jpg 300w, https:\/\/www.jaimelesbouchons.com\/lemouvementdecollecte\/wp-content\/uploads\/2021\/03\/pix_aide-150x150.jpg 150w, https:\/\/www.jaimelesbouchons.com\/lemouvementdecollecte\/wp-content\/uploads\/2021\/03\/pix_aide-768x768.jpg 768w, https:\/\/www.jaimelesbouchons.com\/lemouvementdecollecte\/wp-content\/uploads\/2021\/03\/pix_aide-500x500.jpg 500w, https:\/\/www.jaimelesbouchons.com\/lemouvementdecollecte\/wp-content\/uploads\/2021\/03\/pix_aide.jpg 1395w\" sizes=\"auto, (max-width: 512px) 100vw, 512px\" \/><\/figure><\/div>\n\n\n\n<p><strong>Contactez l&rsquo;\u00e9quipe Coeur2bouchons \u00ab\u00a0en charge de ce mouvement\u00a0\u00bb<\/strong><br><strong>par mail : bonjour@coeur2bouchons.fr<\/strong><\/p>\n","protected":false},"excerpt":{"rendered":"<p>Vous souhaitez vous investir dans la collecte des bouchons en plastique ? Vous \u00eates une entreprise et vous souhaitez faire un don pour soutenir la collecte ? Vous \u00eates un commerce et vous voulez mettre en place un point de [&hellip;]<\/p>\n","protected":false},"author":1,"featured_media":0,"parent":0,"menu_order":0,"comment_status":"closed","ping_status":"closed","template":"","meta":{"footnotes":""},"class_list":["post-7","page","type-page","status-publish","hentry"],"_links":{"self":[{"href":"https:\/\/www.jaimelesbouchons.com\/lemouvementdecollecte\/wp-json\/wp\/v2\/pages\/7","targetHints":{"allow":["GET"]}}],"collection":[{"href":"https:\/\/www.jaimelesbouchons.com\/lemouvementdecollecte\/wp-json\/wp\/v2\/pages"}],"about":[{"href":"https:\/\/www.jaimelesbouchons.com\/lemouvementdecollecte\/wp-json\/wp\/v2\/types\/page"}],"author":[{"embeddable":true,"href":"https:\/\/www.jaimelesbouchons.com\/lemouvementdecollecte\/wp-json\/wp\/v2\/users\/1"}],"replies":[{"embeddable":true,"href":"https:\/\/www.jaimelesbouchons.com\/lemouvementdecollecte\/wp-json\/wp\/v2\/comments?post=7"}],"version-history":[{"count":3,"href":"https:\/\/www.jaimelesbouchons.com\/lemouvementdecollecte\/wp-json\/wp\/v2\/pages\/7\/revisions"}],"predecessor-version":[{"id":62,"href":"https:\/\/www.jaimelesbouchons.com\/lemouvementdecollecte\/wp-json\/wp\/v2\/pages\/7\/revisions\/62"}],"wp:attachment":[{"href":"https:\/\/www.jaimelesbouchons.com\/lemouvementdecollecte\/wp-json\/wp\/v2\/media?parent=7"}],"curies":[{"name":"wp","href":"https:\/\/api.w.org\/{rel}","templated":true}]}}